{"id":30,"date":"2011-05-02T11:45:06","date_gmt":"2011-05-02T11:45:06","guid":{"rendered":"http:\/\/192.168.1.50\/Themes\/2012\/Nano2\/Website_WP\/?page_id=30"},"modified":"2017-03-30T16:00:33","modified_gmt":"2017-03-30T19:00:33","slug":"master-theme","status":"publish","type":"page","link":"https:\/\/daazsolucoes.com.br\/","title":{"rendered":"Home"},"content":{"rendered":"<p style=\"text-align: center;\">\n\n<div class=\"uk-grid-width-1-1 uk-grid-width-medium-1-2 uk-grid-width-large-1-4 uk-grid uk-grid-match uk-grid-collapse uk-text-center tm-grid-divider\" data-uk-grid-match=\"{target:'> div > .uk-panel', row:true}\" data-uk-grid-margin >\n\n\n    <div>\n        <div class=\"uk-panel uk-panel-space uk-overlay-hover\">\n\n                        <a class=\"uk-position-cover uk-position-z-index\" href=\"#\"><\/a>\n            \n            \n                        <div class=\"uk-text-center uk-margin uk-margin-top-remove\"><div class=\"uk-overlay \"><img decoding=\"async\" src=\"\/wp-content\/uploads\/yootheme\/demo\/default\/home_services01_2.svg\" alt=\"Hidr\u00e1ulica\"><img decoding=\"async\" src=\"\/wp-content\/uploads\/yootheme\/demo\/default\/home_services01_2_hover.svg\" class=\" uk-overlay-panel uk-overlay-image\" alt=\"Hidr\u00e1ulica\"><\/div><\/div>\n            \n            \n                        <h3 class=\"uk-panel-title uk-margin-bottom-remove\">\n\n                                    <a class=\"uk-link-reset\" href=\"#\">Hidr\u00e1ulica<\/a>\n                \n                \n            <\/h3>\n            \n            \n            \n            \n            \n            \n            \n        <\/div>\n    <\/div>\n\n\n    <div>\n        <div class=\"uk-panel uk-panel-space uk-overlay-hover\">\n\n                        <a class=\"uk-position-cover uk-position-z-index\" href=\"#\"><\/a>\n            \n            \n                        <div class=\"uk-text-center uk-margin uk-margin-top-remove\"><div class=\"uk-overlay \"><img decoding=\"async\" src=\"\/wp-content\/uploads\/yootheme\/demo\/default\/home_services02_2.svg\" alt=\"El\u00e9trica\"><img decoding=\"async\" src=\"\/wp-content\/uploads\/yootheme\/demo\/default\/home_services02_2_hover.svg\" class=\" uk-overlay-panel uk-overlay-image\" alt=\"El\u00e9trica\"><\/div><\/div>\n            \n            \n                        <h3 class=\"uk-panel-title uk-margin-bottom-remove uk-margin-bottom-remove\">\n\n                                    <a class=\"uk-link-reset\" href=\"#\">El\u00e9trica<\/a>\n                \n                \n            <\/h3>\n            \n            \n            \n            \n            \n            \n            \n        <\/div>\n    <\/div>\n\n\n    <div>\n        <div class=\"uk-panel uk-panel-space uk-overlay-hover\">\n\n                        <a class=\"uk-position-cover uk-position-z-index\" href=\"#\"><\/a>\n            \n            \n                        <div class=\"uk-text-center uk-margin uk-margin-top-remove\"><div class=\"uk-overlay \"><img decoding=\"async\" src=\"\/wp-content\/uploads\/yootheme\/demo\/default\/home_services03_2.svg\" alt=\"Drywall\"><img decoding=\"async\" src=\"\/wp-content\/uploads\/yootheme\/demo\/default\/home_services03_2_hover.svg\" class=\" uk-overlay-panel uk-overlay-image\" alt=\"Drywall\"><\/div><\/div>\n            \n            \n                        <h3 class=\"uk-panel-title uk-margin-bottom-remove uk-margin-bottom-remove uk-margin-bottom-remove\">\n\n                                    <a class=\"uk-link-reset\" href=\"#\">Drywall<\/a>\n                \n                \n            <\/h3>\n            \n            \n            \n            \n            \n            \n            \n        <\/div>\n    <\/div>\n\n\n    <div>\n        <div class=\"uk-panel uk-panel-space uk-overlay-hover\">\n\n                        <a class=\"uk-position-cover uk-position-z-index\" href=\"#\"><\/a>\n            \n            \n                        <div class=\"uk-text-center uk-margin uk-margin-top-remove\"><div class=\"uk-overlay \"><img decoding=\"async\" src=\"\/wp-content\/uploads\/yootheme\/demo\/default\/home_services04_2.svg\" alt=\"Forros\"><img decoding=\"async\" src=\"\/wp-content\/uploads\/yootheme\/demo\/default\/home_services04_2_hover.svg\" class=\" uk-overlay-panel uk-overlay-image\" alt=\"Forros\"><\/div><\/div>\n            \n            \n                        <h3 class=\"uk-panel-title uk-margin-bottom-remove uk-margin-bottom-remove uk-margin-bottom-remove uk-margin-bottom-remove\">\n\n                                    <a class=\"uk-link-reset\" href=\"#\">Forros<\/a>\n                \n                \n            <\/h3>\n            \n            \n            \n            \n            \n            \n            \n        <\/div>\n    <\/div>\n\n\n    <div>\n        <div class=\"uk-panel uk-panel-space uk-overlay-hover\">\n\n                        <a class=\"uk-position-cover uk-position-z-index\" href=\"#\"><\/a>\n            \n            \n                        <div class=\"uk-text-center uk-margin uk-margin-top-remove\"><div class=\"uk-overlay \"><img decoding=\"async\" src=\"\/wp-content\/uploads\/yootheme\/demo\/default\/home_services05_2.svg\" alt=\"Carpetes\"><img decoding=\"async\" src=\"\/wp-content\/uploads\/yootheme\/demo\/default\/home_services05_2_hover.svg\" class=\" uk-overlay-panel uk-overlay-image\" alt=\"Carpetes\"><\/div><\/div>\n            \n            \n                        <h3 class=\"uk-panel-title uk-margin-bottom-remove uk-margin-bottom-remove uk-margin-bottom-remove uk-margin-bottom-remove uk-margin-bottom-remove\">\n\n                                    <a class=\"uk-link-reset\" href=\"#\">Carpetes<\/a>\n                \n                \n            <\/h3>\n            \n            \n            \n            \n            \n            \n            \n        <\/div>\n    <\/div>\n\n\n    <div>\n        <div class=\"uk-panel uk-panel-space uk-overlay-hover\">\n\n                        <a class=\"uk-position-cover uk-position-z-index\" href=\"#\"><\/a>\n            \n            \n                        <div class=\"uk-text-center uk-margin uk-margin-top-remove\"><div class=\"uk-overlay \"><img decoding=\"async\" src=\"\/wp-content\/uploads\/yootheme\/demo\/default\/home_services06_2.svg\" alt=\"Pisos\"><img decoding=\"async\" src=\"\/wp-content\/uploads\/yootheme\/demo\/default\/home_services06_2_hover.svg\" class=\" uk-overlay-panel uk-overlay-image\" alt=\"Pisos\"><\/div><\/div>\n            \n            \n                        <h3 class=\"uk-panel-title uk-margin-bottom-remove uk-margin-bottom-remove uk-margin-bottom-remove uk-margin-bottom-remove uk-margin-bottom-remove uk-margin-bottom-remove\">\n\n                                    <a class=\"uk-link-reset\" href=\"#\">Pisos<\/a>\n                \n                \n            <\/h3>\n            \n            \n            \n            \n            \n            \n            \n        <\/div>\n    <\/div>\n\n\n    <div>\n        <div class=\"uk-panel uk-panel-space uk-overlay-hover\">\n\n                        <a class=\"uk-position-cover uk-position-z-index\" href=\"#\"><\/a>\n            \n            \n                        <div class=\"uk-text-center uk-margin uk-margin-top-remove\"><div class=\"uk-overlay \"><img decoding=\"async\" src=\"\/wp-content\/uploads\/yootheme\/demo\/default\/home_services07_2.svg\" alt=\"Revestimentos\"><img decoding=\"async\" src=\"\/wp-content\/uploads\/yootheme\/demo\/default\/home_services07_2_hover.svg\" class=\" uk-overlay-panel uk-overlay-image\" alt=\"Revestimentos\"><\/div><\/div>\n            \n            \n                        <h3 class=\"uk-panel-title uk-margin-bottom-remove uk-margin-bottom-remove uk-margin-bottom-remove uk-margin-bottom-remove uk-margin-bottom-remove uk-margin-bottom-remove uk-margin-bottom-remove\">\n\n                                    <a class=\"uk-link-reset\" href=\"#\">Revestimentos<\/a>\n                \n                \n            <\/h3>\n            \n            \n            \n            \n            \n            \n            \n        <\/div>\n    <\/div>\n\n\n    <div>\n        <div class=\"uk-panel uk-panel-space uk-overlay-hover\">\n\n                        <a class=\"uk-position-cover uk-position-z-index\" href=\"#\"><\/a>\n            \n            \n                        <div class=\"uk-text-center uk-margin uk-margin-top-remove\"><div class=\"uk-overlay \"><img decoding=\"async\" src=\"\/wp-content\/uploads\/yootheme\/demo\/default\/home_services08_2.svg\" alt=\"Pinturas\"><img decoding=\"async\" src=\"\/wp-content\/uploads\/yootheme\/demo\/default\/home_services08_2_hover.svg\" class=\" uk-overlay-panel uk-overlay-image\" alt=\"Pinturas\"><\/div><\/div>\n            \n            \n                        <h3 class=\"uk-panel-title uk-margin-bottom-remove uk-margin-bottom-remove uk-margin-bottom-remove uk-margin-bottom-remove uk-margin-bottom-remove uk-margin-bottom-remove uk-margin-bottom-remove uk-margin-bottom-remove\">\n\n                                    <a class=\"uk-link-reset\" href=\"#\">Pinturas<\/a>\n                \n                \n            <\/h3>\n            \n            \n            \n            \n            \n            \n            \n        <\/div>\n    <\/div>\n\n\n    <div>\n        <div class=\"uk-panel uk-panel-space uk-overlay-hover\">\n\n                        <a class=\"uk-position-cover uk-position-z-index\" href=\"#\"><\/a>\n            \n            \n                        <div class=\"uk-text-center uk-margin uk-margin-top-remove\"><div class=\"uk-overlay \"><img decoding=\"async\" src=\"\/wp-content\/uploads\/yootheme\/demo\/default\/home_services09_2.svg\" alt=\"Alvenaria\"><img decoding=\"async\" src=\"\/wp-content\/uploads\/yootheme\/demo\/default\/home_services09_2_hover.svg\" class=\" uk-overlay-panel uk-overlay-image\" alt=\"Alvenaria\"><\/div><\/div>\n            \n            \n                        <h3 class=\"uk-panel-title uk-margin-bottom-remove uk-margin-bottom-remove uk-margin-bottom-remove uk-margin-bottom-remove uk-margin-bottom-remove uk-margin-bottom-remove uk-margin-bottom-remove uk-margin-bottom-remove uk-margin-bottom-remove\">\n\n                                    <a class=\"uk-link-reset\" href=\"#\">Alvenaria<\/a>\n                \n                \n            <\/h3>\n            \n            \n            \n            \n            \n            \n            \n        <\/div>\n    <\/div>\n\n\n    <div>\n        <div class=\"uk-panel uk-panel-space uk-overlay-hover\">\n\n                        <a class=\"uk-position-cover uk-position-z-index\" href=\"#\"><\/a>\n            \n            \n                        <div class=\"uk-text-center uk-margin uk-margin-top-remove\"><div class=\"uk-overlay \"><img decoding=\"async\" src=\"\/wp-content\/uploads\/yootheme\/demo\/default\/home_services10_2.svg\" alt=\"M\u00e1rmores e Granitos\"><img decoding=\"async\" src=\"\/wp-content\/uploads\/yootheme\/demo\/default\/home_services10_2_hover.svg\" class=\" uk-overlay-panel uk-overlay-image\" alt=\"M\u00e1rmores e Granitos\"><\/div><\/div>\n            \n            \n                        <h3 class=\"uk-panel-title uk-margin-bottom-remove uk-margin-bottom-remove uk-margin-bottom-remove uk-margin-bottom-remove uk-margin-bottom-remove uk-margin-bottom-remove uk-margin-bottom-remove uk-margin-bottom-remove uk-margin-bottom-remove uk-margin-bottom-remove\">\n\n                                    <a class=\"uk-link-reset\" href=\"#\">M\u00e1rmores e Granitos<\/a>\n                \n                \n            <\/h3>\n            \n            \n            \n            \n            \n            \n            \n        <\/div>\n    <\/div>\n\n\n    <div>\n        <div class=\"uk-panel uk-panel-space uk-overlay-hover\">\n\n                        <a class=\"uk-position-cover uk-position-z-index\" href=\"#\"><\/a>\n            \n            \n                        <div class=\"uk-text-center uk-margin uk-margin-top-remove\"><div class=\"uk-overlay \"><img decoding=\"async\" src=\"\/wp-content\/uploads\/yootheme\/demo\/default\/home_services11_2.svg\" alt=\"Piso Elevado\"><img decoding=\"async\" src=\"\/wp-content\/uploads\/yootheme\/demo\/default\/home_services11_2_hover.svg\" class=\" uk-overlay-panel uk-overlay-image\" alt=\"Piso Elevado\"><\/div><\/div>\n            \n            \n                        <h3 class=\"uk-panel-title uk-margin-bottom-remove uk-margin-bottom-remove uk-margin-bottom-remove uk-margin-bottom-remove uk-margin-bottom-remove uk-margin-bottom-remove uk-margin-bottom-remove uk-margin-bottom-remove uk-margin-bottom-remove uk-margin-bottom-remove uk-margin-bottom-remove\">\n\n                                    <a class=\"uk-link-reset\" href=\"#\">Piso Elevado<\/a>\n                \n                \n            <\/h3>\n            \n            \n            \n            \n            \n            \n            \n        <\/div>\n    <\/div>\n\n\n    <div>\n        <div class=\"uk-panel uk-panel-space uk-overlay-hover\">\n\n                        <a class=\"uk-position-cover uk-position-z-index\" href=\"#\"><\/a>\n            \n            \n                        <div class=\"uk-text-center uk-margin uk-margin-top-remove\"><div class=\"uk-overlay \"><img decoding=\"async\" src=\"\/wp-content\/uploads\/yootheme\/demo\/default\/home_services12_2.svg\" alt=\"Manuten\u00e7\u00e3o Predial e Escrit\u00f3rios\"><img decoding=\"async\" src=\"\/wp-content\/uploads\/yootheme\/demo\/default\/home_services12_2_hover.svg\" class=\" uk-overlay-panel uk-overlay-image\" alt=\"Manuten\u00e7\u00e3o Predial e Escrit\u00f3rios\"><\/div><\/div>\n            \n            \n                        <h3 class=\"uk-panel-title uk-margin-bottom-remove uk-margin-bottom-remove uk-margin-bottom-remove uk-margin-bottom-remove uk-margin-bottom-remove uk-margin-bottom-remove uk-margin-bottom-remove uk-margin-bottom-remove uk-margin-bottom-remove uk-margin-bottom-remove uk-margin-bottom-remove uk-margin-bottom-remove\">\n\n                                    <a class=\"uk-link-reset\" href=\"#\">Manuten\u00e7\u00e3o Predial e Escrit\u00f3rios<\/a>\n                \n                \n            <\/h3>\n            \n            \n            \n            \n            \n            \n            \n        <\/div>\n    <\/div>\n\n\n    <div>\n        <div class=\"uk-panel uk-panel-space uk-overlay-hover\">\n\n                        <a class=\"uk-position-cover uk-position-z-index\" href=\"#\"><\/a>\n            \n            \n                        <div class=\"uk-text-center uk-margin uk-margin-top-remove\"><div class=\"uk-overlay \"><img decoding=\"async\" src=\"\/wp-content\/uploads\/yootheme\/demo\/default\/home_services13_2.svg\" alt=\"Gerenciamento de Obras\"><img decoding=\"async\" src=\"\/wp-content\/uploads\/yootheme\/demo\/default\/home_services13_2_hover.svg\" class=\" uk-overlay-panel uk-overlay-image\" alt=\"Gerenciamento de Obras\"><\/div><\/div>\n            \n            \n                        <h3 class=\"uk-panel-title uk-margin-bottom-remove uk-margin-bottom-remove uk-margin-bottom-remove uk-margin-bottom-remove uk-margin-bottom-remove uk-margin-bottom-remove uk-margin-bottom-remove uk-margin-bottom-remove uk-margin-bottom-remove uk-margin-bottom-remove uk-margin-bottom-remove uk-margin-bottom-remove uk-margin-bottom-remove\">\n\n                                    <a class=\"uk-link-reset\" href=\"#\">Gerenciamento de Obras<\/a>\n                \n                \n            <\/h3>\n            \n            \n            \n            \n            \n            \n            \n        <\/div>\n    <\/div>\n\n\n    <div>\n        <div class=\"uk-panel uk-panel-space uk-overlay-hover\">\n\n                        <a class=\"uk-position-cover uk-position-z-index\" href=\"#\"><\/a>\n            \n            \n                        <div class=\"uk-text-center uk-margin uk-margin-top-remove\"><div class=\"uk-overlay \"><img decoding=\"async\" src=\"\/wp-content\/uploads\/yootheme\/demo\/default\/home_services14_2.svg\" alt=\"Cabeamento Estruturado\"><img decoding=\"async\" src=\"\/wp-content\/uploads\/yootheme\/demo\/default\/home_services14_2_hover.svg\" class=\" uk-overlay-panel uk-overlay-image\" alt=\"Cabeamento Estruturado\"><\/div><\/div>\n            \n            \n                        <h3 class=\"uk-panel-title uk-margin-bottom-remove uk-margin-bottom-remove uk-margin-bottom-remove uk-margin-bottom-remove uk-margin-bottom-remove uk-margin-bottom-remove uk-margin-bottom-remove uk-margin-bottom-remove uk-margin-bottom-remove uk-margin-bottom-remove uk-margin-bottom-remove uk-margin-bottom-remove uk-margin-bottom-remove uk-margin-bottom-remove\">\n\n                                    <a class=\"uk-link-reset\" href=\"#\">Cabeamento Estruturado<\/a>\n                \n                \n            <\/h3>\n            \n            \n            \n            \n            \n            \n            \n        <\/div>\n    <\/div>\n\n\n    <div>\n        <div class=\"uk-panel uk-panel-space uk-overlay-hover\">\n\n                        <a class=\"uk-position-cover uk-position-z-index\" href=\"#\"><\/a>\n            \n            \n                        <div class=\"uk-text-center uk-margin uk-margin-top-remove\"><div class=\"uk-overlay \"><img decoding=\"async\" src=\"\/wp-content\/uploads\/yootheme\/demo\/default\/home_services15_2.svg\" alt=\"Vidra\u00e7aria\"><img decoding=\"async\" src=\"\/wp-content\/uploads\/yootheme\/demo\/default\/home_services15_2_hover.svg\" class=\" uk-overlay-panel uk-overlay-image\" alt=\"Vidra\u00e7aria\"><\/div><\/div>\n            \n            \n                        <h3 class=\"uk-panel-title uk-margin-bottom-remove uk-margin-bottom-remove uk-margin-bottom-remove uk-margin-bottom-remove uk-margin-bottom-remove uk-margin-bottom-remove uk-margin-bottom-remove uk-margin-bottom-remove uk-margin-bottom-remove uk-margin-bottom-remove uk-margin-bottom-remove uk-margin-bottom-remove uk-margin-bottom-remove uk-margin-bottom-remove uk-margin-bottom-remove\">\n\n                                    <a class=\"uk-link-reset\" href=\"#\">Vidra\u00e7aria<\/a>\n                \n                \n            <\/h3>\n            \n            \n            \n            \n            \n            \n            \n        <\/div>\n    <\/div>\n\n\n    <div>\n        <div class=\"uk-panel uk-panel-space uk-overlay-hover\">\n\n                        <a class=\"uk-position-cover uk-position-z-index\" href=\"#\"><\/a>\n            \n            \n                        <div class=\"uk-text-center uk-margin uk-margin-top-remove\"><div class=\"uk-overlay \"><img decoding=\"async\" src=\"\/wp-content\/uploads\/yootheme\/demo\/default\/home_services16_2.svg\" alt=\"Gesso\"><img decoding=\"async\" src=\"\/wp-content\/uploads\/yootheme\/demo\/default\/home_services16_2_hover.svg\" class=\" uk-overlay-panel uk-overlay-image\" alt=\"Gesso\"><\/div><\/div>\n            \n            \n                        <h3 class=\"uk-panel-title uk-margin-bottom-remove uk-margin-bottom-remove uk-margin-bottom-remove uk-margin-bottom-remove uk-margin-bottom-remove uk-margin-bottom-remove uk-margin-bottom-remove uk-margin-bottom-remove uk-margin-bottom-remove uk-margin-bottom-remove uk-margin-bottom-remove uk-margin-bottom-remove uk-margin-bottom-remove uk-margin-bottom-remove uk-margin-bottom-remove uk-margin-bottom-remove\">\n\n                                    <a class=\"uk-link-reset\" href=\"#\">Gesso<\/a>\n                \n                \n            <\/h3>\n            \n            \n            \n            \n            \n            \n            \n        <\/div>\n    <\/div>\n\n\n<\/div>\n<\/p>","protected":false},"excerpt":{"rendered":"","protected":false},"author":1,"featured_media":0,"parent":0,"menu_order":0,"comment_status":"closed","ping_status":"closed","template":"","meta":{"footnotes":""},"class_list":["post-30","page","type-page","status-publish","hentry"],"_links":{"self":[{"href":"https:\/\/daazsolucoes.com.br\/index.php?rest_route=\/wp\/v2\/pages\/30","targetHints":{"allow":["GET"]}}],"collection":[{"href":"https:\/\/daazsolucoes.com.br\/index.php?rest_route=\/wp\/v2\/pages"}],"about":[{"href":"https:\/\/daazsolucoes.com.br\/index.php?rest_route=\/wp\/v2\/types\/page"}],"author":[{"embeddable":true,"href":"https:\/\/daazsolucoes.com.br\/index.php?rest_route=\/wp\/v2\/users\/1"}],"replies":[{"embeddable":true,"href":"https:\/\/daazsolucoes.com.br\/index.php?rest_route=%2Fwp%2Fv2%2Fcomments&post=30"}],"version-history":[{"count":2,"href":"https:\/\/daazsolucoes.com.br\/index.php?rest_route=\/wp\/v2\/pages\/30\/revisions"}],"predecessor-version":[{"id":901,"href":"https:\/\/daazsolucoes.com.br\/index.php?rest_route=\/wp\/v2\/pages\/30\/revisions\/901"}],"wp:attachment":[{"href":"https:\/\/daazsolucoes.com.br\/index.php?rest_route=%2Fwp%2Fv2%2Fmedia&parent=30"}],"curies":[{"name":"wp","href":"https:\/\/api.w.org\/{rel}","templated":true}]}}