{"id":854,"date":"2015-09-14T15:17:12","date_gmt":"2015-09-14T15:17:12","guid":{"rendered":"http:\/\/daazsolucoes.com.br\/?page_id=854"},"modified":"2017-05-03T11:31:15","modified_gmt":"2017-05-03T14:31:15","slug":"about-us","status":"publish","type":"page","link":"https:\/\/daazsolucoes.com.br\/?page_id=854","title":{"rendered":"Quem Somos"},"content":{"rendered":"<h2 class=\"uk-text-center uk-margin-top\">&#8221;sempre prontos para suprir as necessidades dos clientes <br class=\"uk-hidden-small\" \/>com foco no comprometimento&#8221;<span class=\"uk-visible-small\">\u2013 <\/span><\/h2>\r\n<div class=\"uk-margin-large\"><\/div>\r\n<p class=\"tm-article-column\">A Daaz Solu\u00e7\u00f5es \u00e9 uma empresa nacional que atua no mercado da constru\u00e7\u00e3o civil com foco na arquitetura corporativa foi criada a partir de um sonho e muito trabalho, somando a experi\u00eancia no ramo de solu\u00e7\u00f5es corporativas e a excel\u00eancia no atendimento.<br>A Daaz Solu\u00e7\u00f5es tem atingido seus resultados na busca permanente das melhores praticas e para isto ela conta com profissionais eficientes e capacitados nas \u00e1reas de Arquitetura e Constru\u00e7\u00e3o Civil, sempre prontos para suprir as necessidades dos clientes com foco no comprometimento, profissionalismo e cumprimento de prazos.<br>A escolha para atuarmos na constru\u00e7\u00e3o civil com o foco na arquitetura corporativa surgiu com a intensifica\u00e7\u00e3o da concorr\u00eancia, na qual resultou na procura por solu\u00e7\u00f5es arquitet\u00f4nicas que tornem os ambientes n\u00e3o s\u00f3 funcionais, mas tamb\u00e9m confort\u00e1veis e sofisticados. O papel da arquitetura corporativa \u00e9 de extrema import\u00e2ncia no objetivo de alcan\u00e7ar resultados financeiros e operacionais de uma empresa, pois o seu papel vai muito al\u00e9m da elabora\u00e7\u00e3o da est\u00e9tica, decora\u00e7\u00e3o e layouts dos ambientes de trabalho. O principal desafio \u00e9 a cria\u00e7\u00e3o de ambientes funcionais, adaptados \u00e0s necessidades de agilidade nos processos, comunica\u00e7\u00e3o eficaz e alta produtividade.<\/p>\r\n\r\n<div class=\"uk-grid uk-grid-small uk-margin-large-top uk-grid-width-medium-1-2\" data-uk-grid-match=\"{target:'img'}\" data-uk-grid-margin=\"\">\r\n<div class=\"uk-panel\"><img decoding=\"async\" src=\"wp-content\/uploads\/yootheme\/pages\/company\/company_grid_image01.jpg\" alt=\"Urban\" \/><\/div>\r\n<div>\r\n<div class=\"uk-grid uk-grid-small uk-grid-width-medium-1-2\" data-uk-grid-margin=\"\">\r\n<div class=\"uk-panel\"><img decoding=\"async\" src=\"wp-content\/uploads\/yootheme\/pages\/company\/company_grid_image02.jpg\" alt=\"Magic\" \/><\/div>\r\n<div class=\"uk-panel\"><img decoding=\"async\" src=\"wp-content\/uploads\/yootheme\/pages\/company\/company_grid_image03.jpg\" alt=\"Freedom\" \/><\/div>\r\n<\/div>\r\n<\/div>\r\n<\/div>","protected":false},"excerpt":{"rendered":"<p>&#8221;sempre prontos para suprir as necessidades dos clientes com foco no comprometimento&#8221;\u2013 A Daaz Solu\u00e7\u00f5es \u00e9 uma empresa nacional que atua no mercado da constru\u00e7\u00e3o civil com foco na arquitetura corporativa foi criada a partir de um sonho e muito trabalho, somando a experi\u00eancia no ramo de solu\u00e7\u00f5es corporativas e a excel\u00eancia no atendimento.A Daaz [&hellip;]<\/p>\n","protected":false},"author":1,"featured_media":0,"parent":0,"menu_order":0,"comment_status":"closed","ping_status":"closed","template":"","meta":{"footnotes":""},"class_list":["post-854","page","type-page","status-publish","hentry"],"_links":{"self":[{"href":"https:\/\/daazsolucoes.com.br\/index.php?rest_route=\/wp\/v2\/pages\/854","targetHints":{"allow":["GET"]}}],"collection":[{"href":"https:\/\/daazsolucoes.com.br\/index.php?rest_route=\/wp\/v2\/pages"}],"about":[{"href":"https:\/\/daazsolucoes.com.br\/index.php?rest_route=\/wp\/v2\/types\/page"}],"author":[{"embeddable":true,"href":"https:\/\/daazsolucoes.com.br\/index.php?rest_route=\/wp\/v2\/users\/1"}],"replies":[{"embeddable":true,"href":"https:\/\/daazsolucoes.com.br\/index.php?rest_route=%2Fwp%2Fv2%2Fcomments&post=854"}],"version-history":[{"count":7,"href":"https:\/\/daazsolucoes.com.br\/index.php?rest_route=\/wp\/v2\/pages\/854\/revisions"}],"predecessor-version":[{"id":913,"href":"https:\/\/daazsolucoes.com.br\/index.php?rest_route=\/wp\/v2\/pages\/854\/revisions\/913"}],"wp:attachment":[{"href":"https:\/\/daazsolucoes.com.br\/index.php?rest_route=%2Fwp%2Fv2%2Fmedia&parent=854"}],"curies":[{"name":"wp","href":"https:\/\/api.w.org\/{rel}","templated":true}]}}